{"id":100677,"date":"2024-11-21T09:31:26","date_gmt":"2024-11-21T08:31:26","guid":{"rendered":"https:\/\/harmoniayduende.com\/evenements\/"},"modified":"2026-03-23T13:54:50","modified_gmt":"2026-03-23T12:54:50","slug":"evenements","status":"publish","type":"page","link":"https:\/\/harmoniayduende.com\/fr\/evenements\/","title":{"rendered":"Ev\u00e9nements"},"content":{"rendered":"<p>[et_pb_section fb_built=\u00a0\u00bb1&Prime; custom_padding_last_edited=\u00a0\u00bbon|phone\u00a0\u00bb _builder_version=\u00a0\u00bb4.27.4&Prime; _module_preset=\u00a0\u00bbdefault\u00a0\u00bb background_image=\u00a0\u00bbhttps:\/\/harmoniayduende.com\/wp-content\/uploads\/2025\/05\/eventos-harmonia-duende.jpg\u00a0\u00bb parallax=\u00a0\u00bbon\u00a0\u00bb parallax_method=\u00a0\u00bboff\u00a0\u00bb min_height_tablet=\u00a0\u00bb700px\u00a0\u00bb min_height_phone=\u00a0\u00bb500px\u00a0\u00bb min_height_last_edited=\u00a0\u00bboff|desktop\u00a0\u00bb height_last_edited=\u00a0\u00bboff|desktop\u00a0\u00bb custom_margin=\u00a0\u00bb||||false|false\u00a0\u00bb custom_padding=\u00a0\u00bb45px||45px||false|false\u00a0\u00bb custom_padding_tablet=\u00a0\u00bb45px||45px||false|false\u00a0\u00bb custom_padding_phone=\u00a0\u00bb125px||||false|false\u00a0\u00bb animation_style=\u00a0\u00bbfade\u00a0\u00bb animation_direction=\u00a0\u00bbtop\u00a0\u00bb global_colors_info=\u00a0\u00bb{}\u00a0\u00bb][et_pb_row custom_padding_last_edited=\u00a0\u00bboff|desktop\u00a0\u00bb _builder_version=\u00a0\u00bb4.27.3&Prime; _module_preset=\u00a0\u00bbdefault\u00a0\u00bb position_origin_a_tablet=\u00a0\u00bb\u00a0\u00bb position_origin_a_phone=\u00a0\u00bbcenter_center\u00a0\u00bb position_origin_a_last_edited=\u00a0\u00bbon|phone\u00a0\u00bb position_origin_f_tablet=\u00a0\u00bb\u00a0\u00bb position_origin_f_phone=\u00a0\u00bb\u00a0\u00bb position_origin_f_last_edited=\u00a0\u00bbon|phone\u00a0\u00bb position_origin_r_tablet=\u00a0\u00bb\u00a0\u00bb position_origin_r_phone=\u00a0\u00bb\u00a0\u00bb position_origin_r_last_edited=\u00a0\u00bbon|phone\u00a0\u00bb width_tablet=\u00a0\u00bb100%\u00a0\u00bb width_phone=\u00a0\u00bb100%\u00a0\u00bb width_last_edited=\u00a0\u00bboff|tablet\u00a0\u00bb height=\u00a0\u00bb100%\u00a0\u00bb custom_margin=\u00a0\u00bb100px||||false|false\u00a0\u00bb custom_margin_tablet=\u00a0\u00bb||||false|false\u00a0\u00bb custom_margin_phone=\u00a0\u00bb0px||||false|false\u00a0\u00bb custom_margin_last_edited=\u00a0\u00bbon|phone\u00a0\u00bb custom_padding_tablet=\u00a0\u00bb|45px||45px|false|false\u00a0\u00bb custom_padding_phone=\u00a0\u00bb80px|45px||45px|false|false\u00a0\u00bb positioning_tablet=\u00a0\u00bb\u00a0\u00bb positioning_phone=\u00a0\u00bb\u00a0\u00bb positioning_last_edited=\u00a0\u00bbon|phone\u00a0\u00bb global_colors_info=\u00a0\u00bb{}\u00a0\u00bb][et_pb_column type=\u00a0\u00bb4_4&Prime; _builder_version=\u00a0\u00bb4.27.0&Prime; _module_preset=\u00a0\u00bbdefault\u00a0\u00bb background_enable_color=\u00a0\u00bboff\u00a0\u00bb custom_css_main_element=\u00a0\u00bbheight:100% !important;\u00a0\u00bb global_colors_info=\u00a0\u00bb{}\u00a0\u00bb][et_pb_text admin_label=\u00a0\u00bbTitle &#038; Subtitle\u00a0\u00bb _builder_version=\u00a0\u00bb4.27.4&Prime; _module_preset=\u00a0\u00bb60b3af38-0c95-4579-81b5-cca630c100fe\u00a0\u00bb text_text_color=\u00a0\u00bb#FFFFFF\u00a0\u00bb header_text_align=\u00a0\u00bbleft\u00a0\u00bb header_text_color=\u00a0\u00bb#FFFFFF\u00a0\u00bb header_font_size=\u00a0\u00bb35px\u00a0\u00bb header_2_text_color=\u00a0\u00bb#FFFFFF\u00a0\u00bb header_2_font_size=\u00a0\u00bb35px\u00a0\u00bb header_6_text_align=\u00a0\u00bbleft\u00a0\u00bb header_6_text_color=\u00a0\u00bb#FFFFFF\u00a0\u00bb header_6_font_size=\u00a0\u00bb70px\u00a0\u00bb positioning=\u00a0\u00bbnone\u00a0\u00bb horizontal_offset=\u00a0\u00bb0px\u00a0\u00bb z_index=\u00a0\u00bb1&Prime; position_origin_a_tablet=\u00a0\u00bb\u00a0\u00bb position_origin_a_phone=\u00a0\u00bb\u00a0\u00bb position_origin_a_last_edited=\u00a0\u00bbon|tablet\u00a0\u00bb position_origin_f_tablet=\u00a0\u00bb\u00a0\u00bb position_origin_f_phone=\u00a0\u00bb\u00a0\u00bb position_origin_f_last_edited=\u00a0\u00bbon|tablet\u00a0\u00bb position_origin_r_tablet=\u00a0\u00bb\u00a0\u00bb position_origin_r_phone=\u00a0\u00bb\u00a0\u00bb position_origin_r_last_edited=\u00a0\u00bbon|tablet\u00a0\u00bb custom_padding_tablet=\u00a0\u00bb0px|0px|0px|0px|false|false\u00a0\u00bb custom_padding_phone=\u00a0\u00bb0px|0px|0px|0px|false|false\u00a0\u00bb custom_padding_last_edited=\u00a0\u00bbon|tablet\u00a0\u00bb animation_direction=\u00a0\u00bbtop\u00a0\u00bb animation_delay=\u00a0\u00bb1000ms\u00a0\u00bb animation_intensity_slide=\u00a0\u00bb25%\u00a0\u00bb scroll_vertical_motion=\u00a0\u00bb0|90|90|100|0|0|-1&Prime; header_text_color_tablet=\u00a0\u00bb\u00a0\u00bb header_text_color_phone=\u00a0\u00bb#FFFFFF\u00a0\u00bb header_text_color_last_edited=\u00a0\u00bbon|phone\u00a0\u00bb header_6_text_color_tablet=\u00a0\u00bb#FFFFFF\u00a0\u00bb header_6_text_color_phone=\u00a0\u00bb#FFFFFF\u00a0\u00bb header_6_text_color_last_edited=\u00a0\u00bbon|phone\u00a0\u00bb positioning_tablet=\u00a0\u00bbnone\u00a0\u00bb positioning_phone=\u00a0\u00bbnone\u00a0\u00bb positioning_last_edited=\u00a0\u00bbon|tablet\u00a0\u00bb global_colors_info=\u00a0\u00bb{}\u00a0\u00bb]<\/p>\n<h6>Ev\u00e9nements<\/h6>\n<h1>Harmonia &amp; Duende<\/h1>\n<p>[\/et_pb_text][et_pb_divider color=\u00a0\u00bbgcid-ee724809-bf27-490c-908e-420534cbc7e1&Prime; disabled_on=\u00a0\u00bboff|off|off\u00a0\u00bb _builder_version=\u00a0\u00bb4.27.3&Prime; _module_preset=\u00a0\u00bb274d0c9d-df46-4551-9302-ba8d45acacbe\u00a0\u00bb module_alignment=\u00a0\u00bbleft\u00a0\u00bb animation_direction=\u00a0\u00bbbottom\u00a0\u00bb locked=\u00a0\u00bboff\u00a0\u00bb global_colors_info=\u00a0\u00bb{%22gcid-ee724809-bf27-490c-908e-420534cbc7e1%22:%91%22color%22%93}\u00a0\u00bb][\/et_pb_divider][\/et_pb_column][\/et_pb_row][\/et_pb_section][et_pb_section fb_built=\u00a0\u00bb1&Prime; disabled_on=\u00a0\u00bboff|off|off\u00a0\u00bb _builder_version=\u00a0\u00bb4.27.3&Prime; _module_preset=\u00a0\u00bbdefault\u00a0\u00bb background_enable_color=\u00a0\u00bboff\u00a0\u00bb locked=\u00a0\u00bboff\u00a0\u00bb global_colors_info=\u00a0\u00bb{}\u00a0\u00bb][et_pb_row column_structure=\u00a0\u00bb1_3,1_3,1_3&Prime; use_custom_gutter=\u00a0\u00bbon\u00a0\u00bb gutter_width=\u00a0\u00bb2&Prime; disabled_on=\u00a0\u00bboff|off|off\u00a0\u00bb _builder_version=\u00a0\u00bb4.27.4&Prime; _module_preset=\u00a0\u00bbdefault\u00a0\u00bb animation_style=\u00a0\u00bbslide\u00a0\u00bb animation_direction=\u00a0\u00bbbottom\u00a0\u00bb global_colors_info=\u00a0\u00bb{}\u00a0\u00bb][et_pb_column type=\u00a0\u00bb1_3&Prime; _builder_version=\u00a0\u00bb4.27.0&Prime; _module_preset=\u00a0\u00bbdefault\u00a0\u00bb global_colors_info=\u00a0\u00bb{}\u00a0\u00bb][et_pb_text _builder_version=\u00a0\u00bb4.27.4&Prime; _module_preset=\u00a0\u00bbdefault\u00a0\u00bb header_3_font_size=\u00a0\u00bb60px\u00a0\u00bb animation_intensity_slide=\u00a0\u00bb5%\u00a0\u00bb global_colors_info=\u00a0\u00bb{}\u00a0\u00bb]<\/p>\n<h3>Prochains \u00e9v\u00e8nements<\/h3>\n<p>[\/et_pb_text][et_pb_divider color=\u00a0\u00bbgcid-ee724809-bf27-490c-908e-420534cbc7e1&Prime; _builder_version=\u00a0\u00bb4.27.3&Prime; _module_preset=\u00a0\u00bb93219f5f-8929-4965-8946-54869f77c13e\u00a0\u00bb global_colors_info=\u00a0\u00bb{%22gcid-ee724809-bf27-490c-908e-420534cbc7e1%22:%91%22color%22%93}\u00a0\u00bb][\/et_pb_divider][et_pb_text _builder_version=\u00a0\u00bb4.27.4&Prime; _module_preset=\u00a0\u00bbecfe9377-8ea7-41de-bdfd-2d7b2656c35b\u00a0\u00bb text_font_size=\u00a0\u00bb18px\u00a0\u00bb custom_margin=\u00a0\u00bb10px||10px||true|false\u00a0\u00bb animation_direction=\u00a0\u00bbbottom\u00a0\u00bb global_colors_info=\u00a0\u00bb{}\u00a0\u00bb]<\/p>\n<p>La Fondation s\u2019engage dans la promotion d\u2019actions et d\u2019\u00e9v\u00e9nements li\u00e9s \u00e0 la culture et aux arts. <\/p>\n<p>[\/et_pb_text][dsm_dual_heading before_text=\u00a0\u00bbBIENT\u00d4T\u00a0\u00bb middle_text=\u00a0\u00bb nous pourrons profiter de nouveaux \u00e9v\u00e9nements\u00a0\u00bb heading_html_tag=\u00a0\u00bbh3&Prime; before_background_color=\u00a0\u00bbgcid-ee724809-bf27-490c-908e-420534cbc7e1&Prime; before_padding=\u00a0\u00bb5px|5px|5px|5px|true|true\u00a0\u00bb before_text_last_edited=\u00a0\u00bboff|phone\u00a0\u00bb middle_text_tablet=\u00a0\u00bb nous pourrons profiter de nouveaux \u00e9v\u00e9nements\u00a0\u00bb middle_text_phone=\u00a0\u00bbnous pourrons profiter de nouveaux \u00e9v\u00e9nements\u00a0\u00bb middle_text_last_edited=\u00a0\u00bbon|phone\u00a0\u00bb disabled_on=\u00a0\u00bbon|on|on\u00a0\u00bb _builder_version=\u00a0\u00bb4.27.4&Prime; _module_preset=\u00a0\u00bbdefault\u00a0\u00bb before_text_color=\u00a0\u00bb#FFFFFF\u00a0\u00bb custom_margin=\u00a0\u00bb30px||||false|false\u00a0\u00bb disabled=\u00a0\u00bbon\u00a0\u00bb global_colors_info=\u00a0\u00bb{%22gcid-ee724809-bf27-490c-908e-420534cbc7e1%22:%91%22before_background_color%22%93}\u00a0\u00bb][\/dsm_dual_heading][et_pb_image src=\u00a0\u00bbhttps:\/\/harmoniayduende.com\/wp-content\/uploads\/2026\/03\/Affiche_26_06_11_Affiche_V2-scaled.jpg\u00a0\u00bb alt=\u00a0\u00bbDe Beethoven \u00e0 l\u2019\u00c9ternit\u00e9 II \u2013 \u00c9chos \u00e0 la Nature\u00a0\u00bb title_text=\u00a0\u00bbAffiche_26_06_11_Affiche_V2&Prime; url=\u00a0\u00bbhttps:\/\/harmoniayduende.com\/fr\/de-beethoven-a-leternite-iii-le-chant-de-linfini\/\u00a0\u00bb disabled_on=\u00a0\u00bboff|off|off\u00a0\u00bb _builder_version=\u00a0\u00bb4.27.4&Prime; _module_preset=\u00a0\u00bbdefault\u00a0\u00bb width=\u00a0\u00bb76.7%\u00a0\u00bb width_tablet=\u00a0\u00bb100%\u00a0\u00bb width_phone=\u00a0\u00bb100%\u00a0\u00bb width_last_edited=\u00a0\u00bbon|phone\u00a0\u00bb custom_margin=\u00a0\u00bb55px|-811px|||false|false\u00a0\u00bb custom_margin_tablet=\u00a0\u00bb55px||||false|false\u00a0\u00bb custom_margin_phone=\u00a0\u00bb25px||||false|false\u00a0\u00bb custom_margin_last_edited=\u00a0\u00bbon|phone\u00a0\u00bb hover_enabled=\u00a0\u00bb0&Prime; global_colors_info=\u00a0\u00bb{}\u00a0\u00bb width__hover_enabled=\u00a0\u00bboff|desktop\u00a0\u00bb sticky_enabled=\u00a0\u00bb0&Prime;][\/et_pb_image][\/et_pb_column][et_pb_column type=\u00a0\u00bb1_3&Prime; _builder_version=\u00a0\u00bb4.27.4&Prime; _module_preset=\u00a0\u00bbdefault\u00a0\u00bb global_colors_info=\u00a0\u00bb{}\u00a0\u00bb][\/et_pb_column][et_pb_column type=\u00a0\u00bb1_3&Prime; _builder_version=\u00a0\u00bb4.27.0&Prime; _module_preset=\u00a0\u00bbdefault\u00a0\u00bb global_colors_info=\u00a0\u00bb{}\u00a0\u00bb][et_pb_text _builder_version=\u00a0\u00bb4.27.4&Prime; _module_preset=\u00a0\u00bbdefault\u00a0\u00bb header_3_font_size=\u00a0\u00bb60px\u00a0\u00bb custom_margin_tablet=\u00a0\u00bb25px||10px||false|false\u00a0\u00bb custom_margin_phone=\u00a0\u00bb40px||10px||false|false\u00a0\u00bb custom_margin_last_edited=\u00a0\u00bbon|tablet\u00a0\u00bb animation_intensity_slide=\u00a0\u00bb5%\u00a0\u00bb global_colors_info=\u00a0\u00bb{}\u00a0\u00bb]<\/p>\n<h3>\u00c9v\u00e9nements pr\u00e9c\u00e9dents<\/h3>\n<p>[\/et_pb_text][et_pb_divider color=\u00a0\u00bbgcid-ee724809-bf27-490c-908e-420534cbc7e1&Prime; _builder_version=\u00a0\u00bb4.27.4&Prime; _module_preset=\u00a0\u00bb93219f5f-8929-4965-8946-54869f77c13e\u00a0\u00bb custom_margin=\u00a0\u00bb10px||15px||false|false\u00a0\u00bb global_colors_info=\u00a0\u00bb{%22gcid-ee724809-bf27-490c-908e-420534cbc7e1%22:%91%22color%22%93}\u00a0\u00bb][\/et_pb_divider][et_pb_image src=\u00a0\u00bbhttps:\/\/harmoniayduende.com\/wp-content\/uploads\/2025\/04\/De-Beethoven-a-l-Eternite-II-Echos-a-la-Nature.jpg\u00a0\u00bb title_text=\u00a0\u00bbDe-Beethoven-a-l-Eternite-II-Echos-a-la-Nature\u00a0\u00bb url=\u00a0\u00bbhttps:\/\/harmoniayduende.com\/fr\/de-beethoven-a-leternite-ii-echos-a-la-nature\/\u00a0\u00bb _builder_version=\u00a0\u00bb4.27.4&Prime; _module_preset=\u00a0\u00bbdefault\u00a0\u00bb hover_enabled=\u00a0\u00bb0&Prime; global_colors_info=\u00a0\u00bb{}\u00a0\u00bb alt=\u00a0\u00bbDe Beethoven \u00e0 l\u2019\u00c9ternit\u00e9 II \u2013 \u00c9chos \u00e0 la Nature\u00a0\u00bb sticky_enabled=\u00a0\u00bb0&Prime;][\/et_pb_image][et_pb_image src=\u00a0\u00bbhttps:\/\/harmoniayduende.com\/wp-content\/uploads\/2025\/06\/Affiche.jpg\u00a0\u00bb title_text=\u00a0\u00bbAffiche\u00a0\u00bb url=\u00a0\u00bb@ET-DC@eyJkeW5hbWljIjp0cnVlLCJjb250ZW50IjoicG9zdF9saW5rX3VybF9wb3N0Iiwic2V0dGluZ3MiOnsicG9zdF9pZCI6IjI4MDQ1NSJ9fQ==@\u00a0\u00bb _builder_version=\u00a0\u00bb4.27.4&Prime; _dynamic_attributes=\u00a0\u00bburl\u00a0\u00bb _module_preset=\u00a0\u00bbdefault\u00a0\u00bb global_colors_info=\u00a0\u00bb{}\u00a0\u00bb][\/et_pb_image][et_pb_image src=\u00a0\u00bbhttps:\/\/harmoniayduende.com\/wp-content\/uploads\/2024\/11\/evento-joni-carlos.jpg\u00a0\u00bb title_text=\u00a0\u00bbevento-joni-carlos\u00a0\u00bb url=\u00a0\u00bb@ET-DC@eyJkeW5hbWljIjp0cnVlLCJjb250ZW50IjoicG9zdF9saW5rX3VybF9wb3N0Iiwic2V0dGluZ3MiOnsicG9zdF9pZCI6IjEwMDE2MiJ9fQ==@\u00a0\u00bb _builder_version=\u00a0\u00bb4.27.3&Prime; _dynamic_attributes=\u00a0\u00bburl\u00a0\u00bb _module_preset=\u00a0\u00bbdefault\u00a0\u00bb global_colors_info=\u00a0\u00bb{}\u00a0\u00bb][\/et_pb_image][\/et_pb_column][\/et_pb_row][\/et_pb_section]<\/p>\n","protected":false},"excerpt":{"rendered":"<p>Ev\u00e9nements Harmonia &amp; DuendeProchains \u00e9v\u00e8nementsLa Fondation s\u2019engage dans la promotion d\u2019actions et d\u2019\u00e9v\u00e9nements li\u00e9s \u00e0 la culture et aux arts. \u00c9v\u00e9nements pr\u00e9c\u00e9dents<\/p>\n","protected":false},"author":1,"featured_media":100630,"parent":0,"menu_order":3,"comment_status":"closed","ping_status":"closed","template":"","meta":{"_acf_changed":false,"_et_pb_use_builder":"on","_et_pb_old_content":"","_et_gb_content_width":"","footnotes":""},"class_list":["post-100677","page","type-page","status-publish","has-post-thumbnail","hentry"],"acf":[],"yoast_head":"<!-- This site is optimized with the Yoast SEO Premium plugin v24.9 (Yoast SEO v24.9) - https:\/\/yoast.com\/wordpress\/plugins\/seo\/ -->\n<title>Ev\u00e9nements | Harmon\u00eda y Duende<\/title>\n<meta name=\"description\" content=\"La Fundaci\u00f3n promociona eventos y acciones relacionados con la cultura y las artes.\" \/>\n<meta name=\"robots\" content=\"index, follow, max-snippet:-1, max-image-preview:large, max-video-preview:-1\" \/>\n<link rel=\"canonical\" href=\"https:\/\/harmoniayduende.com\/fr\/evenements\/\" \/>\n<meta property=\"og:locale\" content=\"fr_FR\" \/>\n<meta property=\"og:type\" content=\"article\" \/>\n<meta property=\"og:title\" content=\"Ev\u00e9nements\" \/>\n<meta property=\"og:description\" content=\"La Fundaci\u00f3n promociona eventos y acciones relacionados con la cultura y las artes.\" \/>\n<meta property=\"og:site_name\" content=\"Harmon\u00eda y Duende\" \/>\n<meta property=\"article:modified_time\" content=\"2026-03-23T12:54:50+00:00\" \/>\n<meta property=\"og:image\" content=\"https:\/\/harmoniayduende.com\/wp-content\/uploads\/2024\/11\/Francois-Gassion-Katia-Krivokochenko.jpg\" \/>\n\t<meta property=\"og:image:width\" content=\"1000\" \/>\n\t<meta property=\"og:image:height\" content=\"700\" \/>\n\t<meta property=\"og:image:type\" content=\"image\/jpeg\" \/>\n<meta name=\"twitter:card\" content=\"summary_large_image\" \/>\n<meta name=\"twitter:label1\" content=\"Dur\u00e9e de lecture estim\u00e9e\" \/>\n\t<meta name=\"twitter:data1\" content=\"6 minutes\" \/>\n<script type=\"application\/ld+json\" class=\"yoast-schema-graph\">{\"@context\":\"https:\/\/schema.org\",\"@graph\":[{\"@type\":\"WebPage\",\"@id\":\"https:\/\/harmoniayduende.com\/fr\/evenements\/\",\"url\":\"https:\/\/harmoniayduende.com\/fr\/evenements\/\",\"name\":\"Ev\u00e9nements | Harmon\u00eda y Duende\",\"isPartOf\":{\"@id\":\"https:\/\/harmoniayduende.com\/fr\/#website\"},\"primaryImageOfPage\":{\"@id\":\"https:\/\/harmoniayduende.com\/fr\/evenements\/#primaryimage\"},\"image\":{\"@id\":\"https:\/\/harmoniayduende.com\/fr\/evenements\/#primaryimage\"},\"thumbnailUrl\":\"https:\/\/harmoniayduende.com\/wp-content\/uploads\/2024\/11\/Francois-Gassion-Katia-Krivokochenko.jpg\",\"datePublished\":\"2024-11-21T08:31:26+00:00\",\"dateModified\":\"2026-03-23T12:54:50+00:00\",\"description\":\"La Fundaci\u00f3n promociona eventos y acciones relacionados con la cultura y las artes.\",\"breadcrumb\":{\"@id\":\"https:\/\/harmoniayduende.com\/fr\/evenements\/#breadcrumb\"},\"inLanguage\":\"fr-FR\",\"potentialAction\":[{\"@type\":\"ReadAction\",\"target\":[\"https:\/\/harmoniayduende.com\/fr\/evenements\/\"]}]},{\"@type\":\"ImageObject\",\"inLanguage\":\"fr-FR\",\"@id\":\"https:\/\/harmoniayduende.com\/fr\/evenements\/#primaryimage\",\"url\":\"https:\/\/harmoniayduende.com\/wp-content\/uploads\/2024\/11\/Francois-Gassion-Katia-Krivokochenko.jpg\",\"contentUrl\":\"https:\/\/harmoniayduende.com\/wp-content\/uploads\/2024\/11\/Francois-Gassion-Katia-Krivokochenko.jpg\",\"width\":1000,\"height\":700},{\"@type\":\"BreadcrumbList\",\"@id\":\"https:\/\/harmoniayduende.com\/fr\/evenements\/#breadcrumb\",\"itemListElement\":[{\"@type\":\"ListItem\",\"position\":1,\"name\":\"Home\",\"item\":\"https:\/\/harmoniayduende.com\/fr\/\"},{\"@type\":\"ListItem\",\"position\":2,\"name\":\"Ev\u00e9nements\"}]},{\"@type\":\"WebSite\",\"@id\":\"https:\/\/harmoniayduende.com\/fr\/#website\",\"url\":\"https:\/\/harmoniayduende.com\/fr\/\",\"name\":\"Harmon\u00eda & Duende\",\"description\":\"Fundaci\u00f3n para promover el arte y la m\u00fasica\",\"potentialAction\":[{\"@type\":\"SearchAction\",\"target\":{\"@type\":\"EntryPoint\",\"urlTemplate\":\"https:\/\/harmoniayduende.com\/fr\/?s={search_term_string}\"},\"query-input\":{\"@type\":\"PropertyValueSpecification\",\"valueRequired\":true,\"valueName\":\"search_term_string\"}}],\"inLanguage\":\"fr-FR\"}]}<\/script>\n<!-- \/ Yoast SEO Premium plugin. -->","yoast_head_json":{"title":"Ev\u00e9nements | Harmon\u00eda y Duende","description":"La Fundaci\u00f3n promociona eventos y acciones relacionados con la cultura y las artes.","robots":{"index":"index","follow":"follow","max-snippet":"max-snippet:-1","max-image-preview":"max-image-preview:large","max-video-preview":"max-video-preview:-1"},"canonical":"https:\/\/harmoniayduende.com\/fr\/evenements\/","og_locale":"fr_FR","og_type":"article","og_title":"Ev\u00e9nements","og_description":"La Fundaci\u00f3n promociona eventos y acciones relacionados con la cultura y las artes.","og_site_name":"Harmon\u00eda y Duende","article_modified_time":"2026-03-23T12:54:50+00:00","og_image":[{"width":1000,"height":700,"url":"https:\/\/harmoniayduende.com\/wp-content\/uploads\/2024\/11\/Francois-Gassion-Katia-Krivokochenko.jpg","type":"image\/jpeg"}],"twitter_card":"summary_large_image","twitter_misc":{"Dur\u00e9e de lecture estim\u00e9e":"6 minutes"},"schema":{"@context":"https:\/\/schema.org","@graph":[{"@type":"WebPage","@id":"https:\/\/harmoniayduende.com\/fr\/evenements\/","url":"https:\/\/harmoniayduende.com\/fr\/evenements\/","name":"Ev\u00e9nements | Harmon\u00eda y Duende","isPartOf":{"@id":"https:\/\/harmoniayduende.com\/fr\/#website"},"primaryImageOfPage":{"@id":"https:\/\/harmoniayduende.com\/fr\/evenements\/#primaryimage"},"image":{"@id":"https:\/\/harmoniayduende.com\/fr\/evenements\/#primaryimage"},"thumbnailUrl":"https:\/\/harmoniayduende.com\/wp-content\/uploads\/2024\/11\/Francois-Gassion-Katia-Krivokochenko.jpg","datePublished":"2024-11-21T08:31:26+00:00","dateModified":"2026-03-23T12:54:50+00:00","description":"La Fundaci\u00f3n promociona eventos y acciones relacionados con la cultura y las artes.","breadcrumb":{"@id":"https:\/\/harmoniayduende.com\/fr\/evenements\/#breadcrumb"},"inLanguage":"fr-FR","potentialAction":[{"@type":"ReadAction","target":["https:\/\/harmoniayduende.com\/fr\/evenements\/"]}]},{"@type":"ImageObject","inLanguage":"fr-FR","@id":"https:\/\/harmoniayduende.com\/fr\/evenements\/#primaryimage","url":"https:\/\/harmoniayduende.com\/wp-content\/uploads\/2024\/11\/Francois-Gassion-Katia-Krivokochenko.jpg","contentUrl":"https:\/\/harmoniayduende.com\/wp-content\/uploads\/2024\/11\/Francois-Gassion-Katia-Krivokochenko.jpg","width":1000,"height":700},{"@type":"BreadcrumbList","@id":"https:\/\/harmoniayduende.com\/fr\/evenements\/#breadcrumb","itemListElement":[{"@type":"ListItem","position":1,"name":"Home","item":"https:\/\/harmoniayduende.com\/fr\/"},{"@type":"ListItem","position":2,"name":"Ev\u00e9nements"}]},{"@type":"WebSite","@id":"https:\/\/harmoniayduende.com\/fr\/#website","url":"https:\/\/harmoniayduende.com\/fr\/","name":"Harmon\u00eda & Duende","description":"Fundaci\u00f3n para promover el arte y la m\u00fasica","potentialAction":[{"@type":"SearchAction","target":{"@type":"EntryPoint","urlTemplate":"https:\/\/harmoniayduende.com\/fr\/?s={search_term_string}"},"query-input":{"@type":"PropertyValueSpecification","valueRequired":true,"valueName":"search_term_string"}}],"inLanguage":"fr-FR"}]}},"_links":{"self":[{"href":"https:\/\/harmoniayduende.com\/fr\/wp-json\/wp\/v2\/pages\/100677","targetHints":{"allow":["GET"]}}],"collection":[{"href":"https:\/\/harmoniayduende.com\/fr\/wp-json\/wp\/v2\/pages"}],"about":[{"href":"https:\/\/harmoniayduende.com\/fr\/wp-json\/wp\/v2\/types\/page"}],"author":[{"embeddable":true,"href":"https:\/\/harmoniayduende.com\/fr\/wp-json\/wp\/v2\/users\/1"}],"replies":[{"embeddable":true,"href":"https:\/\/harmoniayduende.com\/fr\/wp-json\/wp\/v2\/comments?post=100677"}],"version-history":[{"count":21,"href":"https:\/\/harmoniayduende.com\/fr\/wp-json\/wp\/v2\/pages\/100677\/revisions"}],"predecessor-version":[{"id":280505,"href":"https:\/\/harmoniayduende.com\/fr\/wp-json\/wp\/v2\/pages\/100677\/revisions\/280505"}],"wp:featuredmedia":[{"embeddable":true,"href":"https:\/\/harmoniayduende.com\/fr\/wp-json\/wp\/v2\/media\/100630"}],"wp:attachment":[{"href":"https:\/\/harmoniayduende.com\/fr\/wp-json\/wp\/v2\/media?parent=100677"}],"curies":[{"name":"wp","href":"https:\/\/api.w.org\/{rel}","templated":true}]}}